{"id":3123,"date":"2024-05-30T09:05:05","date_gmt":"2024-05-30T15:05:05","guid":{"rendered":"https:\/\/difasaelite.com\/?page_id=3123"},"modified":"2024-06-11T17:42:09","modified_gmt":"2024-06-11T23:42:09","slug":"terminos-de-uso","status":"publish","type":"page","link":"https:\/\/difasaelite.com\/?page_id=3123","title":{"rendered":"T\u00e9rminos de uso"},"content":{"rendered":"\t\t<div data-elementor-type=\"wp-page\" data-elementor-id=\"3123\" class=\"elementor elementor-3123\">\n\t\t\t\t\t\t<section class=\"elementor-section elementor-top-section elementor-element elementor-element-eb172a7 elementor-section-stretched elementor-section-boxed elementor-section-height-default elementor-section-height-default\" data-id=\"eb172a7\" data-element_type=\"section\" data-settings=\"{&quot;background_background&quot;:&quot;slideshow&quot;,&quot;stretch_section&quot;:&quot;section-stretched&quot;,&quot;background_slideshow_gallery&quot;:[{&quot;id&quot;:3022,&quot;url&quot;:&quot;http:\\\/\\\/difasaelite.com\\\/wp-content\\\/uploads\\\/2024\\\/05\\\/banner6.png&quot;},{&quot;id&quot;:2892,&quot;url&quot;:&quot;http:\\\/\\\/difasaelite.com\\\/wp-content\\\/uploads\\\/2024\\\/05\\\/carrusel.png&quot;}],&quot;background_slideshow_loop&quot;:&quot;yes&quot;,&quot;background_slideshow_slide_duration&quot;:5000,&quot;background_slideshow_slide_transition&quot;:&quot;fade&quot;,&quot;background_slideshow_transition_duration&quot;:500}\">\n\t\t\t\t\t\t\t<div class=\"elementor-background-overlay\"><\/div>\n\t\t\t\t\t\t\t<div class=\"elementor-container elementor-column-gap-default\">\n\t\t\t\t\t<div class=\"elementor-column elementor-col-100 elementor-top-column elementor-element elementor-element-dbfc86c\" data-id=\"dbfc86c\" data-element_type=\"column\">\n\t\t\t<div class=\"elementor-widget-wrap elementor-element-populated\">\n\t\t\t\t\t\t<div class=\"elementor-element elementor-element-a60a952 elementor-widget elementor-widget-themedraft_section_title\" data-id=\"a60a952\" data-element_type=\"widget\" data-widget_type=\"themedraft_section_title.default\">\n\t\t\t\t<div class=\"elementor-widget-container\">\n\t\t\t\n\t\t<div class=\"td-section-title-wrapper\">\n            <div class=\"td-section-title-content td-secondary-font\">\n                \n                \n                                    <div class=\"td-section-title\">\n                        <h3>T\u00e9rminos de uso<\/h3>                    <\/div>\n                                                <\/div>\n\t\t<\/div>\n\t\t\t\t<\/div>\n\t\t\t\t<\/div>\n\t\t\t\t\t<\/div>\n\t\t<\/div>\n\t\t\t\t\t<\/div>\n\t\t<\/section>\n\t\t<div class=\"elementor-element elementor-element-b858178 e-flex e-con-boxed e-con e-parent\" data-id=\"b858178\" data-element_type=\"container\">\n\t\t\t\t\t<div class=\"e-con-inner\">\n\t\t\t\t<div class=\"elementor-element elementor-element-a8f8d65 elementor-widget elementor-widget-themedraft_section_title\" data-id=\"a8f8d65\" data-element_type=\"widget\" data-widget_type=\"themedraft_section_title.default\">\n\t\t\t\t<div class=\"elementor-widget-container\">\n\t\t\t\n\t\t<div class=\"td-section-title-wrapper\">\n            <div class=\"td-section-title-content td-secondary-font\">\n                \n                \n                                    <div class=\"td-section-title\">\n                        <h2>T\u00e9rminos de uso<\/h2>                    <\/div>\n                                        <div class=\"title-bottom-line\" style=\"background-image: url(http:\/\/difasaelite.com\/wp-content\/uploads\/2024\/05\/barra.png)\"><\/div>\n                                                <\/div>\n\t\t<\/div>\n\t\t\t\t<\/div>\n\t\t\t\t<\/div>\n\t\t\t\t\t<\/div>\n\t\t\t\t<\/div>\n\t\t<div class=\"elementor-element elementor-element-85bd3e2 e-flex e-con-boxed e-con e-parent\" data-id=\"85bd3e2\" data-element_type=\"container\">\n\t\t\t\t\t<div class=\"e-con-inner\">\n\t\t\t\t<div class=\"elementor-element elementor-element-454d212 elementor-widget elementor-widget-themedraft_text\" data-id=\"454d212\" data-element_type=\"widget\" data-widget_type=\"themedraft_text.default\">\n\t\t\t\t<div class=\"elementor-widget-container\">\n\t\t\t\n\t\t<div class=\"td-text-wrapper\">\n\t\t\t<p>Por favor, lea estos t\u00e9rminos de uso (\"T\u00e9rminos\", \"T\u00e9rminos de Uso\") cuidadosamente antes de utilizar el sitio web <strong>www.difasaelite.com\u00a0<\/strong> operado por <strong><span id=\"uOtrsDUAhiF1f6r5\">Farmacias<\/span><span id=\"nAQtmER6yYgmXhpJ\">\u00a0<\/span><\/strong><span id=\"gLZdmtLULsXUMUWo\"><strong>DIFASA ELITE<\/strong><\/span><\/p><p>Su acceso y uso del Sitio est\u00e1 condicionado a su aceptaci\u00f3n y cumplimiento de estos T\u00e9rminos. Estos T\u00e9rminos se aplican a todos los visitantes, usuarios y otras personas que accedan o utilicen el Sitio.<\/p><p>Al acceder o utilizar el Sitio, usted acepta estar sujeto a estos T\u00e9rminos. Si no est\u00e1 de acuerdo con alguna parte de los t\u00e9rminos, entonces no tiene permiso para acceder al Sitio.<\/p><p><strong>Uso del Sitio<\/strong><\/p><p>El Sitio y su contenido son propiedad de [Nombre de la empresa] y est\u00e1n protegidos por las leyes de derechos de autor aplicables. Usted puede utilizar el Sitio para su uso personal y no comercial, siempre y cuando cumpla con estos T\u00e9rminos.<\/p><p>Usted acepta no copiar, distribuir ni modificar ning\u00fan contenido del Sitio para cualquier prop\u00f3sito sin el consentimiento previo por escrito de <strong><span id=\"uOtrsDUAhiF1f6r5\">Farmacias<\/span><span id=\"nAQtmER6yYgmXhpJ\">\u00a0<\/span><\/strong><span id=\"gLZdmtLULsXUMUWo\"><strong>DIFASA ELITE<\/strong><\/span><\/p><p><strong>Contenido del Usuario<\/strong><\/p><p>El Sitio puede permitirle enviar, publicar, cargar o transmitir contenido generado por el usuario. Al hacerlo, usted conserva la propiedad de dicho contenido, pero otorga a <strong><span id=\"uOtrsDUAhiF1f6r5\">Farmacias<\/span><span id=\"nAQtmER6yYgmXhpJ\">\u00a0<\/span><\/strong><span id=\"gLZdmtLULsXUMUWo\"><strong>DIFASA ELITE<\/strong><\/span> una licencia no exclusiva para utilizar, reproducir, modificar y adaptar dicho contenido con el fin de operar y promocionar el Sitio.<\/p><p>Usted acepta no enviar contenido que sea difamatorio, obsceno, ilegal, infrinja derechos de terceros, o de cualquier otra manera inapropiado.<\/p><p><strong>Limitaci\u00f3n de Responsabilidad<\/strong><\/p><p>El contenido del Sitio se proporciona \"tal cual\" sin garant\u00edas de ning\u00fan tipo, ya sean expresas o impl\u00edcitas. [Nombre de la empresa] no ser\u00e1 responsable de ning\u00fan da\u00f1o directo, indirecto, incidental, especial o consecuente que surja del uso o la imposibilidad de usar el Sitio.<\/p><p><strong>Cambios en los T\u00e9rminos<\/strong><\/p><p>Nos reservamos el derecho de modificar o reemplazar estos T\u00e9rminos en cualquier momento. Los cambios ser\u00e1n efectivos tan pronto como se publiquen en esta p\u00e1gina. Se le notificar\u00e1 de cualquier cambio mediante la publicaci\u00f3n de los nuevos T\u00e9rminos en esta p\u00e1gina.<\/p><p><strong>Contacto<\/strong><\/p><p>Si tiene alguna pregunta sobre estos T\u00e9rminos, puede ponerse en contacto con nosotros en <strong>contacto@difasaelite.com.<\/strong><\/p>\n            \t\t<\/div>\n\n\t\t\t\t<\/div>\n\t\t\t\t<\/div>\n\t\t\t\t\t<\/div>\n\t\t\t\t<\/div>\n\t\t<div class=\"elementor-element elementor-element-41821f5 e-flex e-con-boxed e-con e-parent\" data-id=\"41821f5\" data-element_type=\"container\">\n\t\t\t\t\t<div class=\"e-con-inner\">\n\t\t\t\t<div class=\"elementor-element elementor-element-f170f34 elementor-widget elementor-widget-html\" data-id=\"f170f34\" data-element_type=\"widget\" data-widget_type=\"html.default\">\n\t\t\t\t<div class=\"elementor-widget-container\">\n\t\t\t\n<style>\n    \n    .elementor-3123 .elementor-element.elementor-element-eb172a7 {display: none}\n    \n    \n<\/style>\t\t<\/div>\n\t\t\t\t<\/div>\n\t\t\t\t\t<\/div>\n\t\t\t\t<\/div>\n\t\t\t\t<\/div>\n\t\t","protected":false},"excerpt":{"rendered":"<p>T\u00e9rminos de uso T\u00e9rminos de uso Por favor, lea estos t\u00e9rminos de uso (\u00abT\u00e9rminos\u00bb, \u00abT\u00e9rminos de Uso\u00bb) cuidadosamente antes de utilizar el sitio web www.difasaelite.com\u00a0 operado por Farmacias\u00a0DIFASA ELITE Su acceso y uso del Sitio est\u00e1 condicionado a su aceptaci\u00f3n y cumplimiento de estos T\u00e9rminos. Estos T\u00e9rminos se aplican a todos los visitantes, usuarios y [&hellip;]<\/p>\n","protected":false},"author":4,"featured_media":0,"parent":0,"menu_order":0,"comment_status":"closed","ping_status":"closed","template":"","meta":{"_joinchat":[],"footnotes":""},"_links":{"self":[{"href":"https:\/\/difasaelite.com\/index.php?rest_route=\/wp\/v2\/pages\/3123"}],"collection":[{"href":"https:\/\/difasaelite.com\/index.php?rest_route=\/wp\/v2\/pages"}],"about":[{"href":"https:\/\/difasaelite.com\/index.php?rest_route=\/wp\/v2\/types\/page"}],"author":[{"embeddable":true,"href":"https:\/\/difasaelite.com\/index.php?rest_route=\/wp\/v2\/users\/4"}],"replies":[{"embeddable":true,"href":"https:\/\/difasaelite.com\/index.php?rest_route=%2Fwp%2Fv2%2Fcomments&post=3123"}],"version-history":[{"count":16,"href":"https:\/\/difasaelite.com\/index.php?rest_route=\/wp\/v2\/pages\/3123\/revisions"}],"predecessor-version":[{"id":4132,"href":"https:\/\/difasaelite.com\/index.php?rest_route=\/wp\/v2\/pages\/3123\/revisions\/4132"}],"wp:attachment":[{"href":"https:\/\/difasaelite.com\/index.php?rest_route=%2Fwp%2Fv2%2Fmedia&parent=3123"}],"curies":[{"name":"wp","href":"https:\/\/api.w.org\/{rel}","templated":true}]}}