{"id":3,"date":"2024-02-08T18:32:51","date_gmt":"2024-02-08T17:32:51","guid":{"rendered":"http:\/\/difasaelite.com\/?page_id=3"},"modified":"2024-05-31T17:23:32","modified_gmt":"2024-05-31T23:23:32","slug":"politica-privacidad","status":"publish","type":"page","link":"https:\/\/difasaelite.com\/?page_id=3","title":{"rendered":"Pol\u00edtica de privacidad"},"content":{"rendered":"\t\t<div data-elementor-type=\"wp-page\" data-elementor-id=\"3\" class=\"elementor elementor-3\">\n\t\t\t\t\t\t<section class=\"elementor-section elementor-top-section elementor-element elementor-element-b2549b5 elementor-section-stretched elementor-section-boxed elementor-section-height-default elementor-section-height-default\" data-id=\"b2549b5\" data-element_type=\"section\" data-settings=\"{&quot;background_background&quot;:&quot;slideshow&quot;,&quot;stretch_section&quot;:&quot;section-stretched&quot;,&quot;background_slideshow_gallery&quot;:[{&quot;id&quot;:3022,&quot;url&quot;:&quot;http:\\\/\\\/difasaelite.com\\\/wp-content\\\/uploads\\\/2024\\\/05\\\/banner6.png&quot;},{&quot;id&quot;:2892,&quot;url&quot;:&quot;http:\\\/\\\/difasaelite.com\\\/wp-content\\\/uploads\\\/2024\\\/05\\\/carrusel.png&quot;}],&quot;background_slideshow_loop&quot;:&quot;yes&quot;,&quot;background_slideshow_slide_duration&quot;:5000,&quot;background_slideshow_slide_transition&quot;:&quot;fade&quot;,&quot;background_slideshow_transition_duration&quot;:500}\">\n\t\t\t\t\t\t\t<div class=\"elementor-background-overlay\"><\/div>\n\t\t\t\t\t\t\t<div class=\"elementor-container elementor-column-gap-default\">\n\t\t\t\t\t<div class=\"elementor-column elementor-col-100 elementor-top-column elementor-element elementor-element-01b452e\" data-id=\"01b452e\" data-element_type=\"column\">\n\t\t\t<div class=\"elementor-widget-wrap elementor-element-populated\">\n\t\t\t\t\t\t<div class=\"elementor-element elementor-element-d553bec elementor-widget elementor-widget-themedraft_section_title\" data-id=\"d553bec\" data-element_type=\"widget\" data-widget_type=\"themedraft_section_title.default\">\n\t\t\t\t<div class=\"elementor-widget-container\">\n\t\t\t\n\t\t<div class=\"td-section-title-wrapper\">\n            <div class=\"td-section-title-content td-secondary-font\">\n                \n                \n                                    <div class=\"td-section-title\">\n                        <h3>Aviso de privacidad<\/h3>                    <\/div>\n                                                <\/div>\n\t\t<\/div>\n\t\t\t\t<\/div>\n\t\t\t\t<\/div>\n\t\t\t\t\t<\/div>\n\t\t<\/div>\n\t\t\t\t\t<\/div>\n\t\t<\/section>\n\t\t<div class=\"elementor-element elementor-element-67a9253 e-flex e-con-boxed e-con e-parent\" data-id=\"67a9253\" data-element_type=\"container\">\n\t\t\t\t\t<div class=\"e-con-inner\">\n\t\t\t\t<div class=\"elementor-element elementor-element-fdc1c67 elementor-widget elementor-widget-menu-anchor\" data-id=\"fdc1c67\" data-element_type=\"widget\" data-widget_type=\"menu-anchor.default\">\n\t\t\t\t<div class=\"elementor-widget-container\">\n\t\t\t<style>\/*! elementor - v3.23.0 - 15-07-2024 *\/\nbody.elementor-page .elementor-widget-menu-anchor{margin-bottom:0}<\/style>\t\t<div class=\"elementor-menu-anchor\" id=\"preguntas\"><\/div>\n\t\t\t\t<\/div>\n\t\t\t\t<\/div>\n\t\t\t\t<div class=\"elementor-element elementor-element-3c52d6a elementor-widget elementor-widget-themedraft_section_title\" data-id=\"3c52d6a\" data-element_type=\"widget\" data-widget_type=\"themedraft_section_title.default\">\n\t\t\t\t<div class=\"elementor-widget-container\">\n\t\t\t\n\t\t<div class=\"td-section-title-wrapper\">\n            <div class=\"td-section-title-content td-secondary-font\">\n                \n                \n                                    <div class=\"td-section-title\">\n                        <h2><span style=\"font-weight: 400\">Aviso de Privacidad de Farmacias DIFASA ELITE.\n<\/span><\/h2>                    <\/div>\n                                        <div class=\"title-bottom-line\" style=\"background-image: url(http:\/\/difasaelite.com\/wp-content\/uploads\/2024\/05\/barra.png)\"><\/div>\n                                                <\/div>\n\t\t<\/div>\n\t\t\t\t<\/div>\n\t\t\t\t<\/div>\n\t\t\t\t<div class=\"elementor-element elementor-element-42965a2 elementor-widget elementor-widget-themedraft_text\" data-id=\"42965a2\" data-element_type=\"widget\" data-widget_type=\"themedraft_text.default\">\n\t\t\t\t<div class=\"elementor-widget-container\">\n\t\t\t\n\t\t<div class=\"td-text-wrapper\">\n\t\t\t<p><b>Compromiso con la Privacidad:<\/b><\/p><p>\u00a0<\/p><p><span style=\"font-weight: 400;\">En Farmacias DIFASA ELITE, respetamos y valoramos su privacidad y la protecci\u00f3n de sus datos personales. Nuestra pol\u00edtica de privacidad est\u00e1 dise\u00f1ada para informarle sobre nuestras pr\u00e1cticas de recopilaci\u00f3n y uso de informaci\u00f3n en conformidad con la Ley Federal de Protecci\u00f3n de Datos Personales en Posesi\u00f3n de los Particulares. Puede consultar este aviso y la ley en nuestra p\u00e1gina web y en los sitios oficiales del Gobierno.<\/span><\/p><p>\u00a0<\/p><p><b>Responsable del Manejo de Datos Personales:<\/b><\/p><p><span style=\"font-weight: 400;\">Farmacias DIFASA ELITE, ubicada en (AGREGAR DIRECCI\u00d3N DE CORPORATIVO), es responsable del tratamiento de sus datos personales.<\/span><\/p><p>\u00a0<\/p><p><b>Uso de Informaci\u00f3n Personal:<\/b><\/p><p><span style=\"font-weight: 400;\">Utilizamos la informaci\u00f3n recopilada para proporcionar y mejorar nuestros servicios de salud y farmac\u00e9uticos, para la gesti\u00f3n de clientes, y para comunicaciones de marketing y promocionales, siempre bajo el marco legal correspondiente.<\/span><\/p><p>\u00a0<\/p><p><b>Datos recopilados:<\/b><\/p><p><span style=\"font-weight: 400;\">Podemos recolectar su nombre, contacto, direcci\u00f3n fiscal y electr\u00f3nica, entre otros datos necesarios para ofrecer nuestros servicios. Esta informaci\u00f3n es utilizada estrictamente para los fines mencionados y no se comparte indebidamente con terceros.<\/span><\/p><p>\u00a0<\/p><p><b>Derechos ARCO:<\/b><\/p><p><span style=\"font-weight: 400;\">Usted tiene derecho a Acceder, Rectificar y Cancelar sus datos personales, as\u00ed como a Oponerse al uso de los mismos o Revocar el consentimiento que nos ha dado. Para ejercer cualquiera de estos derechos, puede enviar una solicitud a trav\u00e9s del correo: <\/span><a href=\"mailto:privacidad@difasaelite.com\"><b>privacidad@difasaelite.com<\/b><\/a><b> (ASIGNAR CORREO) <\/b><span style=\"font-weight: 400;\">\u00a0o directamente en nuestras oficinas.<\/span><\/p><p>\u00a0<\/p><p><b>Seguridad de los Datos:<\/b><\/p><p><span style=\"font-weight: 400;\">Implementamos medidas de seguridad f\u00edsicas, electr\u00f3nicas y administrativas adecuadas para proteger sus datos personales. Sin embargo, ning\u00fan sistema es infalible, por lo que tambi\u00e9n instamos a los visitantes web a tomar medidas de precauci\u00f3n adicionales.<\/span><\/p><p>\u00a0<\/p><p><b>Cambios en el Aviso de Privacidad:<\/b><\/p><p><span style=\"font-weight: 400;\">Este Aviso de Privacidad puede ser actualizado para reflejar cambios en nuestras pr\u00e1cticas de informaci\u00f3n. Los cambios ser\u00e1n efectivos inmediatamente despu\u00e9s de su publicaci\u00f3n en nuestro sitio web.<\/span><\/p><p>\u00a0<\/p><p><b>Consentimiento:<\/b><\/p><p><span style=\"font-weight: 400;\">Al utilizar nuestros servicios, usted otorga su consentimiento para el tratamiento de sus datos conforme a este Aviso de Privacidad.<\/span><\/p><p>\u00a0<\/p><p><b>Contacto:<\/b><\/p><p><span style=\"font-weight: 400;\">Para preguntas o comentarios sobre nuestro Aviso de Privacidad, por favor contacte a nuestro Departamento de Protecci\u00f3n de Datos Personales a trav\u00e9s de <\/span><span style=\"font-weight: 400;\">privacidad@difasaelite.com.<\/span><\/p><p><span style=\"font-weight: 400;\">Este Aviso de Privacidad refleja nuestro compromiso con la protecci\u00f3n de su informaci\u00f3n y el cumplimiento de la ley para asegurar su confianza en nuestros servicios.<\/span><\/p>\n            \t\t<\/div>\n\n\t\t\t\t<\/div>\n\t\t\t\t<\/div>\n\t\t\t\t\t<\/div>\n\t\t\t\t<\/div>\n\t\t\t\t<\/div>\n\t\t","protected":false},"excerpt":{"rendered":"<p>Aviso de privacidad Aviso de Privacidad de Farmacias DIFASA ELITE. Compromiso con la Privacidad: \u00a0 En Farmacias DIFASA ELITE, respetamos y valoramos su privacidad y la protecci\u00f3n de sus datos personales. Nuestra pol\u00edtica de privacidad est\u00e1 dise\u00f1ada para informarle sobre nuestras pr\u00e1cticas de recopilaci\u00f3n y uso de informaci\u00f3n en conformidad con la Ley Federal de [&hellip;]<\/p>\n","protected":false},"author":1,"featured_media":0,"parent":0,"menu_order":0,"comment_status":"closed","ping_status":"open","template":"","meta":{"_joinchat":[],"footnotes":""},"_links":{"self":[{"href":"https:\/\/difasaelite.com\/index.php?rest_route=\/wp\/v2\/pages\/3"}],"collection":[{"href":"https:\/\/difasaelite.com\/index.php?rest_route=\/wp\/v2\/pages"}],"about":[{"href":"https:\/\/difasaelite.com\/index.php?rest_route=\/wp\/v2\/types\/page"}],"author":[{"embeddable":true,"href":"https:\/\/difasaelite.com\/index.php?rest_route=\/wp\/v2\/users\/1"}],"replies":[{"embeddable":true,"href":"https:\/\/difasaelite.com\/index.php?rest_route=%2Fwp%2Fv2%2Fcomments&post=3"}],"version-history":[{"count":24,"href":"https:\/\/difasaelite.com\/index.php?rest_route=\/wp\/v2\/pages\/3\/revisions"}],"predecessor-version":[{"id":3616,"href":"https:\/\/difasaelite.com\/index.php?rest_route=\/wp\/v2\/pages\/3\/revisions\/3616"}],"wp:attachment":[{"href":"https:\/\/difasaelite.com\/index.php?rest_route=%2Fwp%2Fv2%2Fmedia&parent=3"}],"curies":[{"name":"wp","href":"https:\/\/api.w.org\/{rel}","templated":true}]}}