{"id":1191,"date":"2024-04-15T11:12:07","date_gmt":"2024-04-15T17:12:07","guid":{"rendered":"https:\/\/difasaelite.com\/?page_id=1191"},"modified":"2024-06-18T12:22:52","modified_gmt":"2024-06-18T18:22:52","slug":"sucursales","status":"publish","type":"page","link":"https:\/\/difasaelite.com\/?page_id=1191","title":{"rendered":"Sucursales"},"content":{"rendered":"\t\t<div data-elementor-type=\"wp-page\" data-elementor-id=\"1191\" class=\"elementor elementor-1191\">\n\t\t\t\t\t\t<section class=\"elementor-section elementor-top-section elementor-element elementor-element-37c21c0 elementor-section-stretched elementor-section-boxed elementor-section-height-default elementor-section-height-default\" data-id=\"37c21c0\" data-element_type=\"section\" data-settings=\"{&quot;background_background&quot;:&quot;slideshow&quot;,&quot;stretch_section&quot;:&quot;section-stretched&quot;,&quot;background_slideshow_gallery&quot;:[{&quot;id&quot;:3312,&quot;url&quot;:&quot;http:\\\/\\\/difasaelite.com\\\/wp-content\\\/uploads\\\/2024\\\/05\\\/Imagen-de-WhatsApp-2024-05-30-a-las-16.30.42_0da067bc.jpg&quot;},{&quot;id&quot;:3288,&quot;url&quot;:&quot;http:\\\/\\\/difasaelite.com\\\/wp-content\\\/uploads\\\/2024\\\/05\\\/franja.png&quot;},{&quot;id&quot;:3292,&quot;url&quot;:&quot;http:\\\/\\\/difasaelite.com\\\/wp-content\\\/uploads\\\/2024\\\/05\\\/franja2.png&quot;}],&quot;background_slideshow_loop&quot;:&quot;yes&quot;,&quot;background_slideshow_slide_duration&quot;:5000,&quot;background_slideshow_slide_transition&quot;:&quot;fade&quot;,&quot;background_slideshow_transition_duration&quot;:500}\">\n\t\t\t\t\t\t\t<div class=\"elementor-background-overlay\"><\/div>\n\t\t\t\t\t\t\t<div class=\"elementor-container elementor-column-gap-default\">\n\t\t\t\t\t<div class=\"elementor-column elementor-col-100 elementor-top-column elementor-element elementor-element-a94e79b\" data-id=\"a94e79b\" data-element_type=\"column\">\n\t\t\t<div class=\"elementor-widget-wrap elementor-element-populated\">\n\t\t\t\t\t\t<div class=\"elementor-element elementor-element-b9453c4 elementor-widget elementor-widget-themedraft_section_title\" data-id=\"b9453c4\" data-element_type=\"widget\" data-widget_type=\"themedraft_section_title.default\">\n\t\t\t\t<div class=\"elementor-widget-container\">\n\t\t\t\n\t\t<div class=\"td-section-title-wrapper\">\n            <div class=\"td-section-title-content td-secondary-font\">\n                \n                \n                                    <div class=\"td-section-title\">\n                        <h3>Sucursales<\/h3>                    <\/div>\n                                                <\/div>\n\t\t<\/div>\n\t\t\t\t<\/div>\n\t\t\t\t<\/div>\n\t\t\t\t\t<\/div>\n\t\t<\/div>\n\t\t\t\t\t<\/div>\n\t\t<\/section>\n\t\t\t\t<section class=\"elementor-section elementor-top-section elementor-element elementor-element-16535ef elementor-section-stretched elementor-section-boxed elementor-section-height-default elementor-section-height-default\" data-id=\"16535ef\" data-element_type=\"section\" data-settings=\"{&quot;background_background&quot;:&quot;classic&quot;,&quot;stretch_section&quot;:&quot;section-stretched&quot;}\">\n\t\t\t\t\t\t<div class=\"elementor-container elementor-column-gap-extended\">\n\t\t\t\t\t<div class=\"elementor-column elementor-col-100 elementor-top-column elementor-element elementor-element-5522052\" data-id=\"5522052\" data-element_type=\"column\">\n\t\t\t<div class=\"elementor-widget-wrap elementor-element-populated\">\n\t\t\t\t\t\t<div class=\"elementor-element elementor-element-e0c9dd4 elementor-widget elementor-widget-themedraft_section_title\" data-id=\"e0c9dd4\" data-element_type=\"widget\" data-widget_type=\"themedraft_section_title.default\">\n\t\t\t\t<div class=\"elementor-widget-container\">\n\t\t\t\n\t\t<div class=\"td-section-title-wrapper\">\n            <div class=\"td-section-title-content td-secondary-font\">\n                \n                \n                                    <div class=\"td-section-title\">\n                        <h2>Descubre tu Cl\u00ednica m\u00e1s cercana<\/h2>                    <\/div>\n                                        <div class=\"title-bottom-line\" style=\"background-image: url(http:\/\/difasaelite.com\/wp-content\/uploads\/2024\/04\/line.png)\"><\/div>\n                                                <\/div>\n\t\t<\/div>\n\t\t\t\t<\/div>\n\t\t\t\t<\/div>\n\t\t\t\t\t<\/div>\n\t\t<\/div>\n\t\t\t\t\t<\/div>\n\t\t<\/section>\n\t\t\t\t<section class=\"elementor-section elementor-top-section elementor-element elementor-element-eb362da elementor-section-stretched elementor-section-boxed elementor-section-height-default elementor-section-height-default\" data-id=\"eb362da\" data-element_type=\"section\" data-settings=\"{&quot;background_background&quot;:&quot;classic&quot;,&quot;stretch_section&quot;:&quot;section-stretched&quot;}\">\n\t\t\t\t\t\t<div class=\"elementor-container elementor-column-gap-extended\">\n\t\t\t\t\t<div class=\"elementor-column elementor-col-33 elementor-top-column elementor-element elementor-element-229fc22\" data-id=\"229fc22\" data-element_type=\"column\">\n\t\t\t<div class=\"elementor-widget-wrap elementor-element-populated\">\n\t\t\t\t\t\t<div class=\"elementor-element elementor-element-03bee61 elementor-widget elementor-widget-image\" data-id=\"03bee61\" data-element_type=\"widget\" data-widget_type=\"image.default\">\n\t\t\t\t<div class=\"elementor-widget-container\">\n\t\t\t<style>\/*! elementor - v3.23.0 - 15-07-2024 *\/\n.elementor-widget-image{text-align:center}.elementor-widget-image a{display:inline-block}.elementor-widget-image a img[src$=\".svg\"]{width:48px}.elementor-widget-image img{vertical-align:middle;display:inline-block}<\/style>\t\t\t\t\t\t\t\t\t\t<img fetchpriority=\"high\" decoding=\"async\" width=\"1024\" height=\"576\" src=\"https:\/\/difasaelite.com\/wp-content\/uploads\/2024\/04\/cancun.png\" class=\"attachment-large size-large wp-image-1612\" alt=\"\" \/>\t\t\t\t\t\t\t\t\t\t\t\t\t<\/div>\n\t\t\t\t<\/div>\n\t\t\t\t<div class=\"elementor-element elementor-element-c4c0735 elementor-widget elementor-widget-themedraft_text\" data-id=\"c4c0735\" data-element_type=\"widget\" data-widget_type=\"themedraft_text.default\">\n\t\t\t\t<div class=\"elementor-widget-container\">\n\t\t\t\n\t\t<div class=\"td-text-wrapper\">\n\t\t\t<p>FARMACIA DIFASA ELITE CANCUN<\/p>\n            \t\t<\/div>\n\n\t\t\t\t<\/div>\n\t\t\t\t<\/div>\n\t\t\t\t<div class=\"elementor-element elementor-element-18b72a1 elementor-widget elementor-widget-themedraft_text\" data-id=\"18b72a1\" data-element_type=\"widget\" data-widget_type=\"themedraft_text.default\">\n\t\t\t\t<div class=\"elementor-widget-container\">\n\t\t\t\n\t\t<div class=\"td-text-wrapper\">\n\t\t\t<div>Av. Nichupt\u00e9 Supermanzana 16<\/div><div>77505, Canc\u00fan, Q.R.<\/div><div>\u00a0<\/div><div><strong>Lunes a Viernes:<\/strong> 9:00 am -\u00a0 6:00 pm<\/div><div><strong>S\u00e1bado:<\/strong> 9:00 am - 3:00 pm<\/div><div><strong>Domingo:<\/strong> Cerrado<\/div>\n            \t\t<\/div>\n\n\t\t\t\t<\/div>\n\t\t\t\t<\/div>\n\t\t\t\t<div class=\"elementor-element elementor-element-ff27097 elementor-widget elementor-widget-themedraft_button_widget\" data-id=\"ff27097\" data-element_type=\"widget\" data-widget_type=\"themedraft_button_widget.default\">\n\t\t\t\t<div class=\"elementor-widget-container\">\n\t\t\t\n\t\t<div class=\"themedraft-button-wrapper td-button-el-widget\">\n\t\t\t<a href=\"tel:%20%20998%20688%206596\" class=\"themedraft-button td-button themedraft-button-one\" > 998 688 6596                <i class=\"fas fa-plus\"><\/i>\n            <\/a>\n\n\t\t\t\t\t<\/div>\n\t\t\t\t<\/div>\n\t\t\t\t<\/div>\n\t\t\t\t<div class=\"elementor-element elementor-element-fd63c90 elementor-widget elementor-widget-google_maps\" data-id=\"fd63c90\" data-element_type=\"widget\" data-widget_type=\"google_maps.default\">\n\t\t\t\t<div class=\"elementor-widget-container\">\n\t\t\t<style>\/*! elementor - v3.23.0 - 15-07-2024 *\/\n.elementor-widget-google_maps .elementor-widget-container{overflow:hidden}.elementor-widget-google_maps .elementor-custom-embed{line-height:0}.elementor-widget-google_maps iframe{height:300px}<\/style>\t\t<div class=\"elementor-custom-embed\">\n\t\t\t<iframe loading=\"lazy\"\n\t\t\t\t\tsrc=\"https:\/\/maps.google.com\/maps?q=Av.%20Nichupt%C3%A9%20Supermanzana%2016%2077505%2C%20Canc%C3%BAn%2C%20Q.R.&#038;t=m&#038;z=17&#038;output=embed&#038;iwloc=near\"\n\t\t\t\t\ttitle=\"Av. Nichupt\u00e9 Supermanzana 16 77505, Canc\u00fan, Q.R.\"\n\t\t\t\t\taria-label=\"Av. Nichupt\u00e9 Supermanzana 16 77505, Canc\u00fan, Q.R.\"\n\t\t\t><\/iframe>\n\t\t<\/div>\n\t\t\t\t<\/div>\n\t\t\t\t<\/div>\n\t\t\t\t\t<\/div>\n\t\t<\/div>\n\t\t\t\t<div class=\"elementor-column elementor-col-33 elementor-top-column elementor-element elementor-element-0f2aa27\" data-id=\"0f2aa27\" data-element_type=\"column\">\n\t\t\t<div class=\"elementor-widget-wrap elementor-element-populated\">\n\t\t\t\t\t\t<div class=\"elementor-element elementor-element-9cd9d5c elementor-widget elementor-widget-image\" data-id=\"9cd9d5c\" data-element_type=\"widget\" data-widget_type=\"image.default\">\n\t\t\t\t<div class=\"elementor-widget-container\">\n\t\t\t\t\t\t\t\t\t\t\t\t\t<img decoding=\"async\" width=\"1024\" height=\"576\" src=\"https:\/\/difasaelite.com\/wp-content\/uploads\/2024\/04\/FACHADA-SUCURSAL-ITZAES-1.jpg\" class=\"attachment-large size-large wp-image-1607\" alt=\"\" \/>\t\t\t\t\t\t\t\t\t\t\t\t\t<\/div>\n\t\t\t\t<\/div>\n\t\t\t\t<div class=\"elementor-element elementor-element-34f9da7 elementor-widget elementor-widget-themedraft_text\" data-id=\"34f9da7\" data-element_type=\"widget\" data-widget_type=\"themedraft_text.default\">\n\t\t\t\t<div class=\"elementor-widget-container\">\n\t\t\t\n\t\t<div class=\"td-text-wrapper\">\n\t\t\t<p>FARMACIA DIFASA ELITE ALTABRISA<\/p>\n            \t\t<\/div>\n\n\t\t\t\t<\/div>\n\t\t\t\t<\/div>\n\t\t\t\t<div class=\"elementor-element elementor-element-5e57861 elementor-widget elementor-widget-themedraft_text\" data-id=\"5e57861\" data-element_type=\"widget\" data-widget_type=\"themedraft_text.default\">\n\t\t\t\t<div class=\"elementor-widget-container\">\n\t\t\t\n\t\t<div class=\"td-text-wrapper\">\n\t\t\t<div><div>Calle 15 #491 Col. Altabrisa,<\/div><div>97130, M\u00e9rida, Yuc.<\/div><div>\u00a0<\/div><\/div><div><strong>Lunes a Viernes:<\/strong>\u00a0 8am a 8pm<\/div><div><strong>S\u00e1bado: <\/strong>9:00 am a 1:00pm<strong><br \/><\/strong><\/div><div><strong>Domingo:<\/strong> Cerrado<\/div>\n            \t\t<\/div>\n\n\t\t\t\t<\/div>\n\t\t\t\t<\/div>\n\t\t\t\t<div class=\"elementor-element elementor-element-995831d elementor-widget elementor-widget-themedraft_button_widget\" data-id=\"995831d\" data-element_type=\"widget\" data-widget_type=\"themedraft_button_widget.default\">\n\t\t\t\t<div class=\"elementor-widget-container\">\n\t\t\t\n\t\t<div class=\"themedraft-button-wrapper td-button-el-widget\">\n\t\t\t<a href=\"tel:%20999%20167%209723\" class=\"themedraft-button td-button themedraft-button-one\" >999 167 9723                <i class=\"fas fa-plus\"><\/i>\n            <\/a>\n\n\t\t\t\t\t<\/div>\n\t\t\t\t<\/div>\n\t\t\t\t<\/div>\n\t\t\t\t<div class=\"elementor-element elementor-element-aa5e3f1 elementor-widget elementor-widget-google_maps\" data-id=\"aa5e3f1\" data-element_type=\"widget\" data-widget_type=\"google_maps.default\">\n\t\t\t\t<div class=\"elementor-widget-container\">\n\t\t\t\t\t<div class=\"elementor-custom-embed\">\n\t\t\t<iframe loading=\"lazy\"\n\t\t\t\t\tsrc=\"https:\/\/maps.google.com\/maps?q=Calle%2015%20%23491%20Col.%20Altabrisa%2C%2097130%2C%20M%C3%A9rida%2C%20Yuc.&#038;t=m&#038;z=17&#038;output=embed&#038;iwloc=near\"\n\t\t\t\t\ttitle=\"Calle 15 #491 Col. Altabrisa, 97130, M\u00e9rida, Yuc.\"\n\t\t\t\t\taria-label=\"Calle 15 #491 Col. Altabrisa, 97130, M\u00e9rida, Yuc.\"\n\t\t\t><\/iframe>\n\t\t<\/div>\n\t\t\t\t<\/div>\n\t\t\t\t<\/div>\n\t\t\t\t\t<\/div>\n\t\t<\/div>\n\t\t\t\t<div class=\"elementor-column elementor-col-33 elementor-top-column elementor-element elementor-element-d73d3bd\" data-id=\"d73d3bd\" data-element_type=\"column\">\n\t\t\t<div class=\"elementor-widget-wrap elementor-element-populated\">\n\t\t\t\t\t\t<div class=\"elementor-element elementor-element-139839e elementor-widget elementor-widget-image\" data-id=\"139839e\" data-element_type=\"widget\" data-widget_type=\"image.default\">\n\t\t\t\t<div class=\"elementor-widget-container\">\n\t\t\t\t\t\t\t\t\t\t\t\t\t<img decoding=\"async\" width=\"1024\" height=\"576\" src=\"https:\/\/difasaelite.com\/wp-content\/uploads\/2024\/04\/sucural.png\" class=\"attachment-large size-large wp-image-1616\" alt=\"\" \/>\t\t\t\t\t\t\t\t\t\t\t\t\t<\/div>\n\t\t\t\t<\/div>\n\t\t\t\t<div class=\"elementor-element elementor-element-3155459 elementor-widget elementor-widget-themedraft_text\" data-id=\"3155459\" data-element_type=\"widget\" data-widget_type=\"themedraft_text.default\">\n\t\t\t\t<div class=\"elementor-widget-container\">\n\t\t\t\n\t\t<div class=\"td-text-wrapper\">\n\t\t\t<p>FARMACIA DIFASA ITZAES<\/p>\n            \t\t<\/div>\n\n\t\t\t\t<\/div>\n\t\t\t\t<\/div>\n\t\t\t\t<div class=\"elementor-element elementor-element-3e0af45 elementor-widget elementor-widget-themedraft_text\" data-id=\"3e0af45\" data-element_type=\"widget\" data-widget_type=\"themedraft_text.default\">\n\t\t\t\t<div class=\"elementor-widget-container\">\n\t\t\t\n\t\t<div class=\"td-text-wrapper\">\n\t\t\t<div><div>Por Calle 90 y 92 s\/n Avenida Itzaes,<\/div><div>97000, M\u00e9rida Yuc.<\/div><\/div><div>\u00a0<\/div><div><strong>Lunes a Viernes:<\/strong> 9:00 am -\u00a0 6:00 pm<\/div><div><strong>S\u00e1bado:<\/strong> 9:00 am - 3:00 pm<\/div><div><strong>Domingo:<\/strong> Cerrado<\/div>\n            \t\t<\/div>\n\n\t\t\t\t<\/div>\n\t\t\t\t<\/div>\n\t\t\t\t<div class=\"elementor-element elementor-element-29191f2 elementor-widget elementor-widget-themedraft_button_widget\" data-id=\"29191f2\" data-element_type=\"widget\" data-widget_type=\"themedraft_button_widget.default\">\n\t\t\t\t<div class=\"elementor-widget-container\">\n\t\t\t\n\t\t<div class=\"themedraft-button-wrapper td-button-el-widget\">\n\t\t\t<a href=\"tel:%20%20999%20553%204413\" class=\"themedraft-button td-button themedraft-button-one\" >999 553 4413                <i class=\"fas fa-plus\"><\/i>\n            <\/a>\n\n\t\t\t\t\t<\/div>\n\t\t\t\t<\/div>\n\t\t\t\t<\/div>\n\t\t\t\t<div class=\"elementor-element elementor-element-1064fe4 elementor-widget elementor-widget-google_maps\" data-id=\"1064fe4\" data-element_type=\"widget\" data-widget_type=\"google_maps.default\">\n\t\t\t\t<div class=\"elementor-widget-container\">\n\t\t\t\t\t<div class=\"elementor-custom-embed\">\n\t\t\t<iframe loading=\"lazy\"\n\t\t\t\t\tsrc=\"https:\/\/maps.google.com\/maps?q=Por%20Calle%2090%20y%2092%20s%2Fn%20Avenida%20Itzaes%2C%2097000%2C%20M%C3%A9rida%20Yuc.&#038;t=m&#038;z=17&#038;output=embed&#038;iwloc=near\"\n\t\t\t\t\ttitle=\"Por Calle 90 y 92 s\/n Avenida Itzaes, 97000, M\u00e9rida Yuc.\"\n\t\t\t\t\taria-label=\"Por Calle 90 y 92 s\/n Avenida Itzaes, 97000, M\u00e9rida Yuc.\"\n\t\t\t><\/iframe>\n\t\t<\/div>\n\t\t\t\t<\/div>\n\t\t\t\t<\/div>\n\t\t\t\t\t<\/div>\n\t\t<\/div>\n\t\t\t\t\t<\/div>\n\t\t<\/section>\n\t\t<div class=\"elementor-element elementor-element-38c3d70 e-flex e-con-boxed e-con e-parent\" data-id=\"38c3d70\" data-element_type=\"container\">\n\t\t\t\t\t<div class=\"e-con-inner\">\n\t\t\t\t<div class=\"elementor-element elementor-element-da3a6b7 elementor-widget elementor-widget-html\" data-id=\"da3a6b7\" data-element_type=\"widget\" data-widget_type=\"html.default\">\n\t\t\t\t<div class=\"elementor-widget-container\">\n\t\t\t<style>\n\n    .elementor-1191 .elementor-element.elementor-element-37c21c0{padding:30px 20px;}\n    \n    .elementor-1191 .td-section-title-wrapper {margin-bottom:0px;}\n\n<\/style>\t\t<\/div>\n\t\t\t\t<\/div>\n\t\t\t\t\t<\/div>\n\t\t\t\t<\/div>\n\t\t\t\t<\/div>\n\t\t","protected":false},"excerpt":{"rendered":"<p>Sucursales Descubre tu Cl\u00ednica m\u00e1s cercana FARMACIA DIFASA ELITE CANCUN Av. Nichupt\u00e9 Supermanzana 1677505, Canc\u00fan, Q.R.\u00a0Lunes a Viernes: 9:00 am &#8211;\u00a0 6:00 pmS\u00e1bado: 9:00 am &#8211; 3:00 pmDomingo: Cerrado 998 688 6596 FARMACIA DIFASA ELITE ALTABRISA Calle 15 #491 Col. Altabrisa,97130, M\u00e9rida, Yuc.\u00a0Lunes a Viernes:\u00a0 8am a 8pmS\u00e1bado: 9:00 am a 1:00pmDomingo: Cerrado 999 167 [&hellip;]<\/p>\n","protected":false},"author":4,"featured_media":0,"parent":0,"menu_order":0,"comment_status":"closed","ping_status":"closed","template":"","meta":{"_joinchat":[],"footnotes":""},"_links":{"self":[{"href":"https:\/\/difasaelite.com\/index.php?rest_route=\/wp\/v2\/pages\/1191"}],"collection":[{"href":"https:\/\/difasaelite.com\/index.php?rest_route=\/wp\/v2\/pages"}],"about":[{"href":"https:\/\/difasaelite.com\/index.php?rest_route=\/wp\/v2\/types\/page"}],"author":[{"embeddable":true,"href":"https:\/\/difasaelite.com\/index.php?rest_route=\/wp\/v2\/users\/4"}],"replies":[{"embeddable":true,"href":"https:\/\/difasaelite.com\/index.php?rest_route=%2Fwp%2Fv2%2Fcomments&post=1191"}],"version-history":[{"count":70,"href":"https:\/\/difasaelite.com\/index.php?rest_route=\/wp\/v2\/pages\/1191\/revisions"}],"predecessor-version":[{"id":4290,"href":"https:\/\/difasaelite.com\/index.php?rest_route=\/wp\/v2\/pages\/1191\/revisions\/4290"}],"wp:attachment":[{"href":"https:\/\/difasaelite.com\/index.php?rest_route=%2Fwp%2Fv2%2Fmedia&parent=1191"}],"curies":[{"name":"wp","href":"https:\/\/api.w.org\/{rel}","templated":true}]}}